{"id":86,"date":"2020-07-21T16:56:18","date_gmt":"2020-07-21T16:56:18","guid":{"rendered":"https:\/\/oftalmologia.salasalud.com.ar\/?page_id=86"},"modified":"2025-01-28T11:56:16","modified_gmt":"2025-01-28T11:56:16","slug":"estudios","status":"publish","type":"page","link":"https:\/\/oftalmologia.salasalud.com.ar\/index.php\/estudios\/","title":{"rendered":"Servicios"},"content":{"rendered":"\t\t<div data-elementor-type=\"wp-page\" data-elementor-id=\"86\" class=\"elementor elementor-86\">\n\t\t\t\t\t\t<section class=\"elementor-section elementor-top-section elementor-element elementor-element-250f971c elementor-section-stretched elementor-section-boxed elementor-section-height-default elementor-section-height-default\" data-id=\"250f971c\" data-element_type=\"section\" data-settings=\"{&quot;stretch_section&quot;:&quot;section-stretched&quot;,&quot;background_background&quot;:&quot;classic&quot;}\">\n\t\t\t\t\t\t\t<div class=\"elementor-background-overlay\"><\/div>\n\t\t\t\t\t\t\t<div class=\"elementor-container elementor-column-gap-default\">\n\t\t\t\t\t<div class=\"elementor-column elementor-col-100 elementor-top-column elementor-element elementor-element-344efbd\" data-id=\"344efbd\" data-element_type=\"column\">\n\t\t\t<div class=\"elementor-widget-wrap elementor-element-populated\">\n\t\t\t\t\t\t<div class=\"elementor-element elementor-element-22789009 elementor-widget elementor-widget-heading\" data-id=\"22789009\" data-element_type=\"widget\" data-widget_type=\"heading.default\">\n\t\t\t\t<div class=\"elementor-widget-container\">\n\t\t\t\t\t<h2 class=\"elementor-heading-title elementor-size-default\">Servicios<\/h2>\t\t\t\t<\/div>\n\t\t\t\t<\/div>\n\t\t\t\t\t<\/div>\n\t\t<\/div>\n\t\t\t\t\t<\/div>\n\t\t<\/section>\n\t\t\t\t<section class=\"elementor-section elementor-top-section elementor-element elementor-element-de5b829 elementor-section-boxed elementor-section-height-default elementor-section-height-default\" data-id=\"de5b829\" data-element_type=\"section\">\n\t\t\t\t\t\t<div class=\"elementor-container elementor-column-gap-default\">\n\t\t\t\t\t<div class=\"elementor-column elementor-col-50 elementor-top-column elementor-element elementor-element-f5be0fe\" data-id=\"f5be0fe\" data-element_type=\"column\">\n\t\t\t<div class=\"elementor-widget-wrap elementor-element-populated\">\n\t\t\t\t\t\t<div class=\"elementor-element elementor-element-e6739ea elementor-widget elementor-widget-image\" data-id=\"e6739ea\" data-element_type=\"widget\" data-widget_type=\"image.default\">\n\t\t\t\t<div class=\"elementor-widget-container\">\n\t\t\t\t\t\t\t\t\t\t\t\t\t\t\t<img fetchpriority=\"high\" decoding=\"async\" width=\"1024\" height=\"587\" src=\"https:\/\/oftalmologia.salasalud.com.ar\/wp-content\/uploads\/2020\/09\/servicios-01-1024x587.jpg\" class=\"attachment-large size-large wp-image-392\" alt=\"\" srcset=\"https:\/\/oftalmologia.salasalud.com.ar\/wp-content\/uploads\/2020\/09\/servicios-01-1024x587.jpg 1024w, https:\/\/oftalmologia.salasalud.com.ar\/wp-content\/uploads\/2020\/09\/servicios-01-300x172.jpg 300w, https:\/\/oftalmologia.salasalud.com.ar\/wp-content\/uploads\/2020\/09\/servicios-01-768x441.jpg 768w, https:\/\/oftalmologia.salasalud.com.ar\/wp-content\/uploads\/2020\/09\/servicios-01-1536x881.jpg 1536w, https:\/\/oftalmologia.salasalud.com.ar\/wp-content\/uploads\/2020\/09\/servicios-01-2048x1175.jpg 2048w\" sizes=\"(max-width: 1024px) 100vw, 1024px\" \/>\t\t\t\t\t\t\t\t\t\t\t\t\t\t\t<\/div>\n\t\t\t\t<\/div>\n\t\t\t\t\t<\/div>\n\t\t<\/div>\n\t\t\t\t<div class=\"elementor-column elementor-col-50 elementor-top-column elementor-element elementor-element-ea4703f\" data-id=\"ea4703f\" data-element_type=\"column\">\n\t\t\t<div class=\"elementor-widget-wrap elementor-element-populated\">\n\t\t\t\t\t\t<div class=\"elementor-element elementor-element-c89caba elementor-widget elementor-widget-image\" data-id=\"c89caba\" data-element_type=\"widget\" data-widget_type=\"image.default\">\n\t\t\t\t<div class=\"elementor-widget-container\">\n\t\t\t\t\t\t\t\t\t\t\t\t\t\t\t<img decoding=\"async\" width=\"1024\" height=\"588\" src=\"https:\/\/oftalmologia.salasalud.com.ar\/wp-content\/uploads\/2025\/01\/servicios-oftalmo-copia-1024x588.webp\" class=\"attachment-large size-large wp-image-559\" alt=\"\" srcset=\"https:\/\/oftalmologia.salasalud.com.ar\/wp-content\/uploads\/2025\/01\/servicios-oftalmo-copia-1024x588.webp 1024w, https:\/\/oftalmologia.salasalud.com.ar\/wp-content\/uploads\/2025\/01\/servicios-oftalmo-copia-300x172.webp 300w, https:\/\/oftalmologia.salasalud.com.ar\/wp-content\/uploads\/2025\/01\/servicios-oftalmo-copia-768x441.webp 768w, https:\/\/oftalmologia.salasalud.com.ar\/wp-content\/uploads\/2025\/01\/servicios-oftalmo-copia-1536x881.webp 1536w, https:\/\/oftalmologia.salasalud.com.ar\/wp-content\/uploads\/2025\/01\/servicios-oftalmo-copia.webp 1600w\" sizes=\"(max-width: 1024px) 100vw, 1024px\" \/>\t\t\t\t\t\t\t\t\t\t\t\t\t\t\t<\/div>\n\t\t\t\t<\/div>\n\t\t\t\t\t<\/div>\n\t\t<\/div>\n\t\t\t\t\t<\/div>\n\t\t<\/section>\n\t\t\t\t<section class=\"elementor-section elementor-top-section elementor-element elementor-element-1aec7e9c elementor-section-boxed elementor-section-height-default elementor-section-height-default\" data-id=\"1aec7e9c\" data-element_type=\"section\">\n\t\t\t\t\t\t<div class=\"elementor-container elementor-column-gap-default\">\n\t\t\t\t\t<div class=\"elementor-column elementor-col-100 elementor-top-column elementor-element elementor-element-5cd4ce9e\" data-id=\"5cd4ce9e\" data-element_type=\"column\">\n\t\t\t<div class=\"elementor-widget-wrap elementor-element-populated\">\n\t\t\t\t\t\t<div class=\"elementor-element elementor-element-3599cd13 elementor-widget elementor-widget-text-editor\" data-id=\"3599cd13\" data-element_type=\"widget\" data-widget_type=\"text-editor.default\">\n\t\t\t\t<div class=\"elementor-widget-container\">\n\t\t\t\t\t\t\t\t\t<p><\/p>\n<p>El <strong>CENTRO M\u00c9DICO SALA SALUD<\/strong> cuenta con un <strong>CENTRO OFTALMOL\u00d3GICO<\/strong> donde disponemos de aparatolog\u00eda de \u00faltima generaci\u00f3n para el diagn\u00f3stico de distintas patolog\u00edas de la visi\u00f3n.<\/p>\n<p><\/p>\t\t\t\t\t\t\t\t<\/div>\n\t\t\t\t<\/div>\n\t\t\t\t<div class=\"elementor-element elementor-element-63e4e50 elementor-widget elementor-widget-heading\" data-id=\"63e4e50\" data-element_type=\"widget\" data-widget_type=\"heading.default\">\n\t\t\t\t<div class=\"elementor-widget-container\">\n\t\t\t\t\t<h2 class=\"elementor-heading-title elementor-size-default\">Nuestro Centro cuenta con las siguientes pr\u00e1cticas y servicios de diagn\u00f3sticoe<\/h2>\t\t\t\t<\/div>\n\t\t\t\t<\/div>\n\t\t\t\t<section class=\"elementor-section elementor-inner-section elementor-element elementor-element-b0758c7 elementor-section-boxed elementor-section-height-default elementor-section-height-default\" data-id=\"b0758c7\" data-element_type=\"section\">\n\t\t\t\t\t\t<div class=\"elementor-container elementor-column-gap-default\">\n\t\t\t\t\t<div class=\"elementor-column elementor-col-50 elementor-inner-column elementor-element elementor-element-60d54dd\" data-id=\"60d54dd\" data-element_type=\"column\">\n\t\t\t<div class=\"elementor-widget-wrap elementor-element-populated\">\n\t\t\t\t\t\t<div class=\"elementor-element elementor-element-0ccbb9b elementor-widget elementor-widget-text-editor\" data-id=\"0ccbb9b\" data-element_type=\"widget\" data-widget_type=\"text-editor.default\">\n\t\t\t\t<div class=\"elementor-widget-container\">\n\t\t\t\t\t\t\t\t\t<ul>\n<li><b>Fondo de Ojos<\/b><\/li>\n<li><b>Retinoscop\u00edas<\/b><\/li>\n<li><b>Tonometr\u00edas<\/b><\/li>\n<li><b>Campo Visual Computarizado<\/b><\/li>\n<li><b>Topograf\u00eda de Cornea<\/b><\/li>\n<li><b>Curva de Presi\u00f3n Ocular<\/b><\/li>\n<li><b>Ecograf\u00eda<\/b><\/li><li><b>Retinograf\u00eda<\/b><\/li>\n<li><b>Neurofisiolog\u00eda<\/b><\/li>\n<li><b>Sondaje Lagrimal<\/b><\/li>\n<li><b>Refractometr\u00eda<\/b><\/li>\n<li><b>Test de Ojo Seco<\/b><\/li>\n<li><b>&nbsp;OCT<\/b><\/li>\n<\/ul>\t\t\t\t\t\t\t\t<\/div>\n\t\t\t\t<\/div>\n\t\t\t\t\t<\/div>\n\t\t<\/div>\n\t\t\t\t<div class=\"elementor-column elementor-col-50 elementor-inner-column elementor-element elementor-element-b463b8c\" data-id=\"b463b8c\" data-element_type=\"column\">\n\t\t\t<div class=\"elementor-widget-wrap elementor-element-populated\">\n\t\t\t\t\t\t<div class=\"elementor-element elementor-element-efccd65 elementor-widget elementor-widget-text-editor\" data-id=\"efccd65\" data-element_type=\"widget\" data-widget_type=\"text-editor.default\">\n\t\t\t\t<div class=\"elementor-widget-container\">\n\t\t\t\t\t\t\t\t\t<ul>\n<li><strong>Fotocirug\u00edas L\u00e1ser<\/strong>\n<ul>\n<li>L\u00e1ser Argon<\/li>\n<li>L\u00e1ser Yag<\/li>\n<li>L\u00e1ser \u00a0Only \u00a0\u2013 \u00a0Green<\/li>\n<li>L\u00e1ser de Eximeros<\/li>\n<\/ul>\n<\/li>\n<li><strong>\u00a0Cirug\u00edas\u00a0\u00a0 \u00a0<\/strong>\n<ul>\n<li>Cataratas por Facoemulsificaci\u00f3n con Implante Lente Intraocular<\/li>\n<li>Glaucoma<\/li>\n<li>Desprendimiento de Retina<\/li>\n<li>Vitrectomia<\/li>\n<\/ul>\n<\/li>\n<li><strong>\u00a0P\u00e1rpados<\/strong>\n<ul>\n<li>Chalazion<\/li>\n<li>Pterigion<\/li>\n<li>Injerto (Trasplante Cornea)<\/li>\n<\/ul>\n<\/li>\n<li><strong>\u00a0Cirug\u00eda Refractiva<\/strong>\n<ul>\n<li>Miopia<\/li>\n<li>Hipermetropia<\/li>\n<li>Astigmatismo<\/li>\n<\/ul>\n<\/li>\n<\/ul>\t\t\t\t\t\t\t\t<\/div>\n\t\t\t\t<\/div>\n\t\t\t\t\t<\/div>\n\t\t<\/div>\n\t\t\t\t\t<\/div>\n\t\t<\/section>\n\t\t\t\t<div class=\"elementor-element elementor-element-fa20c50 elementor-widget elementor-widget-text-editor\" data-id=\"fa20c50\" data-element_type=\"widget\" data-widget_type=\"text-editor.default\">\n\t\t\t\t<div class=\"elementor-widget-container\">\n\t\t\t\t\t\t\t\t\t<p><\/p>\n<p><\/p>\n<p>Ante cualquier duda, cont\u00e1ctenos a los tel\u00e9fonos: <strong>4262-8184 \/ 4262-2997 \/ 4262-3171<\/strong> \u00a0o sino a trav\u00e9s de mensaje al <strong>WhatsApp 11 64 37 66 76<\/strong><\/p>\n<p><\/p>\t\t\t\t\t\t\t\t<\/div>\n\t\t\t\t<\/div>\n\t\t\t\t\t<\/div>\n\t\t<\/div>\n\t\t\t\t\t<\/div>\n\t\t<\/section>\n\t\t\t\t<\/div>\n\t\t","protected":false},"excerpt":{"rendered":"<p>Servicios El CENTRO M\u00c9DICO SALA SALUD cuenta con un CENTRO OFTALMOL\u00d3GICO donde disponemos de aparatolog\u00eda de \u00faltima generaci\u00f3n para el [&hellip;]<\/p>\n","protected":false},"author":1,"featured_media":0,"parent":0,"menu_order":0,"comment_status":"closed","ping_status":"closed","template":"","meta":{"site-sidebar-layout":"default","site-content-layout":"","ast-site-content-layout":"default","site-content-style":"default","site-sidebar-style":"default","ast-global-header-display":"","ast-banner-title-visibility":"","ast-main-header-display":"","ast-hfb-above-header-display":"","ast-hfb-below-header-display":"","ast-hfb-mobile-header-display":"","site-post-title":"","ast-breadcrumbs-content":"","ast-featured-img":"","footer-sml-layout":"","ast-disable-related-posts":"","theme-transparent-header-meta":"","adv-header-id-meta":"","stick-header-meta":"","header-above-stick-meta":"","header-main-stick-meta":"","header-below-stick-meta":"","astra-migrate-meta-layouts":"default","ast-page-background-enabled":"default","ast-page-background-meta":{"desktop":{"background-color":"var(--ast-global-color-5)","background-image":"","background-repeat":"repeat","background-position":"center center","background-size":"auto","background-attachment":"scroll","background-type":"","background-media":"","overlay-type":"","overlay-color":"","overlay-opacity":"","overlay-gradient":""},"tablet":{"background-color":"","background-image":"","background-repeat":"repeat","background-position":"center center","background-size":"auto","background-attachment":"scroll","background-type":"","background-media":"","overlay-type":"","overlay-color":"","overlay-opacity":"","overlay-gradient":""},"mobile":{"background-color":"","background-image":"","background-repeat":"repeat","background-position":"center center","background-size":"auto","background-attachment":"scroll","background-type":"","background-media":"","overlay-type":"","overlay-color":"","overlay-opacity":"","overlay-gradient":""}},"ast-content-background-meta":{"desktop":{"background-color":"var(--ast-global-color-4)","background-image":"","background-repeat":"repeat","background-position":"center center","background-size":"auto","background-attachment":"scroll","background-type":"","background-media":"","overlay-type":"","overlay-color":"","overlay-opacity":"","overlay-gradient":""},"tablet":{"background-color":"var(--ast-global-color-4)","background-image":"","background-repeat":"repeat","background-position":"center center","background-size":"auto","background-attachment":"scroll","background-type":"","background-media":"","overlay-type":"","overlay-color":"","overlay-opacity":"","overlay-gradient":""},"mobile":{"background-color":"var(--ast-global-color-4)","background-image":"","background-repeat":"repeat","background-position":"center center","background-size":"auto","background-attachment":"scroll","background-type":"","background-media":"","overlay-type":"","overlay-color":"","overlay-opacity":"","overlay-gradient":""}},"footnotes":""},"class_list":["post-86","page","type-page","status-publish","hentry"],"_hostinger_reach_plugin_has_subscription_block":false,"_hostinger_reach_plugin_is_elementor":false,"_links":{"self":[{"href":"https:\/\/oftalmologia.salasalud.com.ar\/index.php\/wp-json\/wp\/v2\/pages\/86","targetHints":{"allow":["GET"]}}],"collection":[{"href":"https:\/\/oftalmologia.salasalud.com.ar\/index.php\/wp-json\/wp\/v2\/pages"}],"about":[{"href":"https:\/\/oftalmologia.salasalud.com.ar\/index.php\/wp-json\/wp\/v2\/types\/page"}],"author":[{"embeddable":true,"href":"https:\/\/oftalmologia.salasalud.com.ar\/index.php\/wp-json\/wp\/v2\/users\/1"}],"replies":[{"embeddable":true,"href":"https:\/\/oftalmologia.salasalud.com.ar\/index.php\/wp-json\/wp\/v2\/comments?post=86"}],"version-history":[{"count":31,"href":"https:\/\/oftalmologia.salasalud.com.ar\/index.php\/wp-json\/wp\/v2\/pages\/86\/revisions"}],"predecessor-version":[{"id":565,"href":"https:\/\/oftalmologia.salasalud.com.ar\/index.php\/wp-json\/wp\/v2\/pages\/86\/revisions\/565"}],"wp:attachment":[{"href":"https:\/\/oftalmologia.salasalud.com.ar\/index.php\/wp-json\/wp\/v2\/media?parent=86"}],"curies":[{"name":"wp","href":"https:\/\/api.w.org\/{rel}","templated":true}]}}